{"id":9,"date":"2011-06-08T23:11:04","date_gmt":"2011-06-08T21:11:04","guid":{"rendered":"http:\/\/www.vikentios.gr\/?page_id=9"},"modified":"2024-05-21T13:27:31","modified_gmt":"2024-05-21T11:27:31","slug":"kythera","status":"publish","type":"page","link":"https:\/\/www.vikentios.gr\/it\/kythera\/","title":{"rendered":"Citera"},"content":{"rendered":"<p>&#8221;Il mondo intero \u00e8 un mondo e di Citera \u00e8 un mondo diverso&#8221;. Sicuramente qualcuno ha parlato con te di Citera. Lo esplorato, anche attraverso internet e avete deciso di visitarla. Vi consigliamo i migliori attrazioni da visitare durante il vostro soggiorno.<\/p>\n<p><strong>Kythera o Citera (Chora)<\/strong><\/p>\n<p>La capitale si trova a sud, arroccato su una collina. A bordo ci sono il castello medievale con il Palazzo, i palazzi degli aristocratici e la chiesa della Madonna. Visitare la citt\u00e0, passeggiare lungo le stradine e acquistare alcuni prodotti tradizionali da negozi locali. Non dimenticate di visitare il piccolo Museo del Folklore ospitato nel Centro Culturale del Comune di Citera e la Mostra permanente della blasoni ospitati nella sala dei governatori del Castello. \u00c8 inoltre necessario visitare l&#8217;Archivio Storico di Citera, che \u00e8 la pi\u00f9 importante della Grecia con gli archivi risalente al 1500. Godetevi il vostro caff\u00e8 o succo di frutta in piazza di Hora e quindi provare a fotografare alcune belle torri e palazzi che si trovano in angoli nascosti della capitale.<\/p>\n<p><a href=\"http:\/\/www.vikentios.gr\/wp-content\/uploads\/kythera5.jpg\" rel=\"fancybox[9]\"><img decoding=\"async\" title=\"\u039a\u03cd\u03b8\u03b7\u03c1\u03b1 \u03a7\u03ce\u03c1\u03b1\" data-src=\"http:\/\/www.vikentios.gr\/wp-content\/uploads\/kythera5-300x230.jpg\" alt=\"kythira downtown\" width=\"300\" height=\"230\" src=\"data:image\/svg+xml;base64,PHN2ZyB3aWR0aD0iMSIgaGVpZ2h0PSIxIiB4bWxucz0iaHR0cDovL3d3dy53My5vcmcvMjAwMC9zdmciPjwvc3ZnPg==\" class=\"lazyload\" style=\"--smush-placeholder-width: 300px; --smush-placeholder-aspect-ratio: 300\/230;\" \/><\/a><\/p>\n<p><strong>Mylopotamos<\/strong><\/p>\n<p>Questo \u00e8 uno dei villaggi pi\u00f9 pittoreschi e storici dell&#8217;isola con grandi colori e bellezze naturali. I flussi partono dal villaggio e cascate che ispira soggezione. Lungo il flusso dell &#8216;acqua ci sono ventidue mulini. Nel centro del paese ci sono alcuni edifici con straordinaria architettura. Un paio di chilometri sotto la citt\u00e0 bassa \u00e8 la vecchia scuola inglese e la fortezza veneziana, il portale dei quali \u00e8 decorato con il leone di San Marco, che \u00e8 l&#8217;emblema della Repubblica Serenissima di Venezia e anche l&#8217;emblema delle isole Ionie. Si pu\u00f2 prendere alcune fotografie delle molte chiese in stile bizantino che offrono splendida vista del Canyon di Milopotamos. Seguire la strada da qui alla grotta di Agia Sofia, dove le esperte guide vi offre un tour dentro e poi vai a Limnionas spiaggia, una piccola baia piacevole per il nuoto. Milopotamos \u00e8 un mondo intero.<\/p>\n<h2><a href=\"http:\/\/www.vikentios.gr\/wp-content\/uploads\/kato_chora.jpg\" rel=\"fancybox[9]\"><img decoding=\"async\" title=\"\u039a\u03ac\u03c4\u03c9 \u03a7\u03ce\u03c1\u03b1 \u039c\u03c5\u03bb\u03bf\u03c0\u03bf\u03c4\u03ac\u03bc\u03bf\u03c5\" data-src=\"http:\/\/www.vikentios.gr\/wp-content\/uploads\/kato_chora-300x224.jpg\" alt=\"\u03ba\u03cd\u03b8\u03b7\u03c1\u03b1, \u03ba\u03b7\u03b8\u03c5\u03c1\u03b1, kythira, kithira\" width=\"300\" height=\"224\" src=\"data:image\/svg+xml;base64,PHN2ZyB3aWR0aD0iMSIgaGVpZ2h0PSIxIiB4bWxucz0iaHR0cDovL3d3dy53My5vcmcvMjAwMC9zdmciPjwvc3ZnPg==\" class=\"lazyload\" style=\"--smush-placeholder-width: 300px; --smush-placeholder-aspect-ratio: 300\/224;\" \/><\/a><\/h2>\n<p><strong>Panagia Mirtidiotissa<\/strong><\/p>\n<p>Il monastero di Panagia Mirtidiotissa (Vergine Maria) si trova a ovest, in una vasta pineta. L&#8217;atmosfera del monastero \u00e8 presa respiro. Esplora la nuova chiesa e la chiesa sottostante. Scopri la storia della famosa icona e circa la scoperta dell&#8217;icona da un pastore e come ha costruito il primo tempio. Poi si pu\u00f2 camminare per un km, in direzione San Nicola (Krasas) chiesa, dove si pu\u00f2 godere il tramonto pi\u00f9 bello del Mar Ionio. Vale anche la pena visitare i monasteri di San Elesas, San Teodoro, San Moni e San Giovanni.<\/p>\n<p><a href=\"http:\/\/www.vikentios.gr\/wp-content\/uploads\/mirtidia.jpg\" rel=\"fancybox[9]\"><img decoding=\"async\" title=\"\u039c\u03bf\u03bd\u03ae \u039c\u03c5\u03c1\u03c4\u03b9\u03b4\u03af\u03c9\u03bd\" data-src=\"http:\/\/www.vikentios.gr\/wp-content\/uploads\/mirtidia-300x225.jpg\" alt=\"\u03ba\u03cd\u03b8\u03b7\u03c1\u03b1, \u03bc\u03c5\u03c1\u03c4\u03b9\u03b4\u03b9\u03ce\u03c4\u03b9\u03c3\u03c3\u03b1, \u03c0\u03b1\u03bd\u03b1\u03b3\u03af\u03b1, \u03bc\u03bf\u03bd\u03b1\u03c3\u03c4\u03ae\u03c1\u03b9\" width=\"300\" height=\"225\" src=\"data:image\/svg+xml;base64,PHN2ZyB3aWR0aD0iMSIgaGVpZ2h0PSIxIiB4bWxucz0iaHR0cDovL3d3dy53My5vcmcvMjAwMC9zdmciPjwvc3ZnPg==\" class=\"lazyload\" style=\"--smush-placeholder-width: 300px; --smush-placeholder-aspect-ratio: 300\/225;\" \/><\/a><\/p>\n<p><strong>Agios Dimitrios (Paleochora)<\/strong><\/p>\n<p>Si tratta di un borgo medievale, costruito in cima al canyon del Kakia Lagada, a sud del fiume. E &#8216;stata la capitale dell&#8217;isola del 13 \u00b0 secolo, fino al 1537, ed \u00e8 servita come rifugio abitanti, fino a quando fu saccheggiata e distrutta dai famigerato pirata Barbarossa. Molti degli abitanti furono massacrati e altri sono stati venduti nei bazar orientali come schiavi. Oggi Paleochora \u00e8 un monumento della storia di Citera. Il paesino mantiene in buone condizioni ed \u00e8 aperto ai visitatori. In questa zona ci sono pi\u00f9 di 40 chiese bizantine che sono decorate con un sacco di icone significative.<\/p>\n<p><a href=\"http:\/\/www.vikentios.gr\/wp-content\/uploads\/kythera2.jpg\" rel=\"fancybox[9]\"><img decoding=\"async\" title=\"\u03a0\u03b1\u03bb\u03b1\u03b9\u03cc\u03c7\u03c9\u03c1\u03b1\" data-src=\"http:\/\/www.vikentios.gr\/wp-content\/uploads\/kythera2-300x224.jpg\" alt=\"\u03ba\u03cd\u03b8\u03b7\u03c1\u03b1, \u03b2\u03c5\u03b6\u03b1\u03bd\u03c4\u03b9\u03bd\u03ae \u03c0\u03c1\u03c9\u03c4\u03b5\u03cd\u03bf\u03c5\u03c3\u03b1\" width=\"300\" height=\"224\" src=\"data:image\/svg+xml;base64,PHN2ZyB3aWR0aD0iMSIgaGVpZ2h0PSIxIiB4bWxucz0iaHR0cDovL3d3dy53My5vcmcvMjAwMC9zdmciPjwvc3ZnPg==\" class=\"lazyload\" style=\"--smush-placeholder-width: 300px; --smush-placeholder-aspect-ratio: 300\/224;\" \/><\/a><\/p>\n<p><strong>Avlemonas<\/strong><\/p>\n<p>Non dimenticate di visitare Avlemonas, perch\u00e9 se lo fai, \u00e8 come avete visto mezzo di Citera. Si tratta di un villaggio sul mare con una tradizione nautica. Sarete felici con le grotte dove ci sono barche da pesca. Passeggiate nei sentieri lastricati sulla costa, gustare un pasto a base di pesce fresco a taverne e dopo che hanno un drink al piccolo porto. L&#8217;ornamento del Avlemonas \u00e8 il Castel, una fortezza veneziana dove si tenne il controllo del porto. Se vi piace camminare, seguire il sentiero che conduce alla lanterna della Avlemonas. Inoltre, se si preferisce un po &#8216;pi\u00f9 difficile percorso di salita San Giorgio mount. Per il nuoto, tuffo nella piccola insenatura o alla vicina spiaggia grande Paleopolis.<\/p>\n<p><a href=\"http:\/\/www.vikentios.gr\/wp-content\/uploads\/kythera3.jpg\" rel=\"fancybox[9]\"><img decoding=\"async\" title=\"\u0391\u03c5\u03bb\u03ac\u03b9\u03bc\u03bf\u03bd\u03b1\u03c2\" data-src=\"http:\/\/www.vikentios.gr\/wp-content\/uploads\/kythera3-300x225.jpg\" alt=\"\u03ba\u03cd\u03b8\u03b7\u03c1\u03b1, kythera, avlemonas, \u03b1\u03b2\u03bb\u03ad\u03bc\u03bf\u03bd\u03b1\u03c2\" width=\"300\" height=\"225\" src=\"data:image\/svg+xml;base64,PHN2ZyB3aWR0aD0iMSIgaGVpZ2h0PSIxIiB4bWxucz0iaHR0cDovL3d3dy53My5vcmcvMjAwMC9zdmciPjwvc3ZnPg==\" class=\"lazyload\" style=\"--smush-placeholder-width: 300px; --smush-placeholder-aspect-ratio: 300\/225;\" \/><\/a><\/p>\n<p><strong>Amir Ali Molle (Villagio di Karavas)<\/strong><\/p>\n<p>Karavas ha molte sorgenti con ottima acqua cristallina. Si tratta di un bellissimo villaggio nella parte settentrionale dell&#8217;isola. Potete seguire la strada che porta alla sorgente di Amir Ali, fare una breve sosta per un gelato o una bibita analcolica e proseguire a piedi in Lagadakia (piccoli fiumi). Si tratta di un delizioso borgo con la storia e il luogo di nascita di alcuni personaggi greci.<\/p>\n<p><a href=\"http:\/\/www.vikentios.gr\/wp-content\/uploads\/karavas.jpg\" rel=\"fancybox[9]\"><img decoding=\"async\" title=\"\u03a0\u03b7\u03b3\u03ad\u03c2 \u03c4\u03bf\u03c5 \u0391\u03bc\u03ae\u03c1 \u0391\u03bb\u03ae\" data-src=\"http:\/\/www.vikentios.gr\/wp-content\/uploads\/karavas-300x225.jpg\" alt=\"\u03ba\u03cd\u03b8\u03b7\u03c1\u03b1, \u03c0\u03b7\u03b3\u03ad\u03c2, \u03ba\u03b1\u03c4\u03b1\u03c1\u03c1\u03ac\u03ba\u03c4\u03b5\u03c2, \u03c4\u03c3\u03b9\u03c1\u03af\u03b3\u03bf, \u03ba\u03b1\u03c1\u03b1\u03b2\u03ac\u03c2\" width=\"300\" height=\"225\" src=\"data:image\/svg+xml;base64,PHN2ZyB3aWR0aD0iMSIgaGVpZ2h0PSIxIiB4bWxucz0iaHR0cDovL3d3dy53My5vcmcvMjAwMC9zdmciPjwvc3ZnPg==\" class=\"lazyload\" style=\"--smush-placeholder-width: 300px; --smush-placeholder-aspect-ratio: 300\/225;\" \/><\/a><\/p>\n<p><strong>Faro di Moudari<\/strong><\/p>\n<p>Vuoi andare ancora oltre? Ai margini del nord, guardare le navi che attraversano il Golfo di Laconia viaggiare da Est a Ovest e viceversa. Uno dei luoghi pi\u00f9 romantici dell&#8217;isola questo faro inglese \u00e8 di 26 metri di altezza. Se si trova la guardia l\u00ec, chiedetegli di farvi salire sul balcone. La vista \u00e8 incredibile.<\/p>\n<p><a href=\"http:\/\/www.vikentios.gr\/wp-content\/uploads\/Moudari.jpg\" rel=\"fancybox[9]\"><img decoding=\"async\" title=\"\u03a6\u03ac\u03c1\u03bf\u03c2 \u039c\u03bf\u03c5\u03b4\u03b1\u03c1\u03af\u03bf\u03c5\" data-src=\"http:\/\/www.vikentios.gr\/wp-content\/uploads\/Moudari-300x230.jpg\" alt=\"\u03bc\u03bf\u03c5\u03b4\u03ac\u03c1\u03b9, \u03ba\u03cd\u03b8\u03b7\u03c1\u03b1, \u03c4\u03c3\u03b9\u03c1\u03af\u03b3\u03bf, kythera\" width=\"300\" height=\"230\" src=\"data:image\/svg+xml;base64,PHN2ZyB3aWR0aD0iMSIgaGVpZ2h0PSIxIiB4bWxucz0iaHR0cDovL3d3dy53My5vcmcvMjAwMC9zdmciPjwvc3ZnPg==\" class=\"lazyload\" style=\"--smush-placeholder-width: 300px; --smush-placeholder-aspect-ratio: 300\/230;\" \/><\/a><\/p>\n<p><strong>Bazar di Potamos<\/strong><\/p>\n<p>Potamos \u00e8 il pi\u00f9 grande villaggio di Kythira. Un famoso bazar tradizionale si svolge nella piazza centrale ogni Domenica. Gli agricoltori ei produttori di tutti i tipi di prodotti vengono qui a vendere i loro beni. Qui potete trovare il miele, fette biscottate tradizionali, formaggi, sottaceti, marmellate, ortaggi e naturalmente del sempreviva fiore, che \u00e8 la caratteristica dell &#8216;isola.<\/p>\n<p><strong>Ponte di Katouni<\/strong><\/p>\n<p>A Katouni (nei pressi di Kato Livadi) c&#8217;\u00e8 un ponte in pietra di 110 metri di lunghezza costruito da <a title=\"Kythera\" href=\"http:\/\/www.visitkythera.gr\/it\" target=\"_blank\" rel=\"noopener noreferrer\">Citera<\/a> lavoratori durante il British amministrazione (Makfeil comandante) periodo (1827). Questo magnifico ponte \u00e8 un segno distintivo di Citera. Non mancate!<\/p>\n<p><a href=\"http:\/\/www.vikentios.gr\/wp-content\/uploads\/katouni.jpg\" rel=\"fancybox[9]\"><img decoding=\"async\" title=\"\u0393\u03ad\u03c6\u03c5\u03c1\u03b1 \u039a\u03b1\u03c4\u03bf\u03c5\u03bd\u03af\u03bf\u03c5\" data-src=\"http:\/\/www.vikentios.gr\/wp-content\/uploads\/katouni-300x225.jpg\" alt=\"\u03ba\u03cd\u03b8\u03b7\u03c1\u03b1, \u03c4\u03c3\u03b9\u03c1\u03af\u03b3\u03bf, \u03bb\u03b9\u03b2\u03ac\u03b4\u03b9, \u03ba\u03b1\u03c4\u03bf\u03cd\u03bd\u03b9, \u03b3\u03ad\u03c6\u03c5\u03c1\u03b1\" width=\"300\" height=\"225\" src=\"data:image\/svg+xml;base64,PHN2ZyB3aWR0aD0iMSIgaGVpZ2h0PSIxIiB4bWxucz0iaHR0cDovL3d3dy53My5vcmcvMjAwMC9zdmciPjwvc3ZnPg==\" class=\"lazyload\" style=\"--smush-placeholder-width: 300px; --smush-placeholder-aspect-ratio: 300\/225;\" \/><\/a><\/p>","protected":false},"excerpt":{"rendered":"<p>&#8221;Il mondo intero \u00e8 un mondo e di Citera \u00e8 un mondo diverso&#8221;. Sicuramente qualcuno ha parlato con te di Citera. Lo esplorato, anche attraverso internet e avete deciso di visitarla. Vi consigliamo i migliori attrazioni da visitare durante il vostro soggiorno. Kythera o Citera (Chora) La capitale si trova[&#8230;]<\/p>\n","protected":false},"author":2,"featured_media":0,"parent":0,"menu_order":30,"comment_status":"open","ping_status":"closed","template":"","meta":{"footnotes":""},"class_list":["post-9","page","type-page","status-publish","hentry"],"yoast_head":"<!-- This site is optimized with the Yoast SEO plugin v25.3.1 - https:\/\/yoast.com\/wordpress\/plugins\/seo\/ -->\n<title>Isola di Citera | Vikentios Rooms | Citera Grecia<\/title>\n<meta name=\"description\" content=\"Sicuramente qualcuno ha parlato con te di Citera. Lo esplorato, anche attraverso internet e avete deciso di visitarla. Un mondo fa un mondo e Cerigo un altro mondo.\" \/>\n<meta name=\"robots\" content=\"index, follow, max-snippet:-1, max-image-preview:large, max-video-preview:-1\" \/>\n<link rel=\"canonical\" href=\"https:\/\/www.vikentios.gr\/it\/kythera\/\" \/>\n<meta property=\"og:locale\" content=\"it_IT\" \/>\n<meta property=\"og:type\" content=\"article\" \/>\n<meta property=\"og:title\" content=\"Isola di Citera | Vikentios Rooms | Citera Grecia\" \/>\n<meta property=\"og:description\" content=\"Sicuramente qualcuno ha parlato con te di Citera. Lo esplorato, anche attraverso internet e avete deciso di visitarla. Un mondo fa un mondo e Cerigo un altro mondo.\" \/>\n<meta property=\"og:url\" content=\"https:\/\/www.vikentios.gr\/it\/kythera\/\" \/>\n<meta property=\"og:site_name\" content=\"Vikentios Rooms\" \/>\n<meta property=\"article:publisher\" content=\"https:\/\/www.facebook.com\/vikentiosrooms\" \/>\n<meta property=\"article:modified_time\" content=\"2024-05-21T11:27:31+00:00\" \/>\n<meta property=\"og:image\" content=\"http:\/\/www.vikentios.gr\/wp-content\/uploads\/kythera5-300x230.jpg\" \/>\n<meta name=\"twitter:card\" content=\"summary_large_image\" \/>\n<meta name=\"twitter:site\" content=\"@vikentiosrooms\" \/>\n<meta name=\"twitter:label1\" content=\"Tempo di lettura stimato\" \/>\n\t<meta name=\"twitter:data1\" content=\"7 minuti\" \/>\n<script type=\"application\/ld+json\" class=\"yoast-schema-graph\">{\"@context\":\"https:\/\/schema.org\",\"@graph\":[{\"@type\":\"WebPage\",\"@id\":\"https:\/\/www.vikentios.gr\/it\/kythera\/\",\"url\":\"https:\/\/www.vikentios.gr\/it\/kythera\/\",\"name\":\"Isola di Citera | Vikentios Rooms | Citera Grecia\",\"isPartOf\":{\"@id\":\"https:\/\/www.vikentios.gr\/it\/#website\"},\"primaryImageOfPage\":{\"@id\":\"https:\/\/www.vikentios.gr\/it\/kythera\/#primaryimage\"},\"image\":{\"@id\":\"https:\/\/www.vikentios.gr\/kythera\/#primaryimage\"},\"thumbnailUrl\":\"http:\/\/www.vikentios.gr\/wp-content\/uploads\/kythera5-300x230.jpg\",\"datePublished\":\"2011-06-08T21:11:04+00:00\",\"dateModified\":\"2024-05-21T11:27:31+00:00\",\"description\":\"Sicuramente qualcuno ha parlato con te di Citera. Lo esplorato, anche attraverso internet e avete deciso di visitarla. Un mondo fa un mondo e Cerigo un altro mondo.\",\"breadcrumb\":{\"@id\":\"https:\/\/www.vikentios.gr\/it\/kythera\/#breadcrumb\"},\"inLanguage\":\"it-IT\",\"potentialAction\":[{\"@type\":\"ReadAction\",\"target\":[[\"https:\/\/www.vikentios.gr\/it\/kythera\/\"]]}]},{\"@type\":\"ImageObject\",\"inLanguage\":\"it-IT\",\"@id\":\"https:\/\/www.vikentios.gr\/it\/kythera\/#primaryimage\",\"url\":\"http:\/\/www.vikentios.gr\/wp-content\/uploads\/kythera5-300x230.jpg\",\"contentUrl\":\"http:\/\/www.vikentios.gr\/wp-content\/uploads\/kythera5-300x230.jpg\"},{\"@type\":\"BreadcrumbList\",\"@id\":\"https:\/\/www.vikentios.gr\/it\/kythera\/#breadcrumb\",\"itemListElement\":[{\"@type\":\"ListItem\",\"position\":1,\"name\":\"Home\",\"item\":\"https:\/\/www.vikentios.gr\/it\/\"},{\"@type\":\"ListItem\",\"position\":2,\"name\":\"\u03a4\u03b1 \u039a\u03cd\u03b8\u03b7\u03c1\u03b1\"}]},{\"@type\":\"WebSite\",\"@id\":\"https:\/\/www.vikentios.gr\/it\/#website\",\"url\":\"https:\/\/www.vikentios.gr\/it\/\",\"name\":\"Vikentios Rooms\",\"description\":\"Accommodation, hotels, rooms apartments in Kythera\",\"publisher\":{\"@id\":\"https:\/\/www.vikentios.gr\/it\/#organization\"},\"potentialAction\":[{\"@type\":\"SearchAction\",\"target\":{\"@type\":\"EntryPoint\",\"urlTemplate\":\"https:\/\/www.vikentios.gr\/it\/?s={search_term_string}\"},\"query-input\":{\"@type\":\"PropertyValueSpecification\",\"valueRequired\":true,\"valueName\":\"search_term_string\"}}],\"inLanguage\":\"it-IT\"},{\"@type\":\"Organization\",\"@id\":\"https:\/\/www.vikentios.gr\/it\/#organization\",\"name\":\"Vikentios Rooms\",\"url\":\"https:\/\/www.vikentios.gr\/it\/\",\"logo\":{\"@type\":\"ImageObject\",\"inLanguage\":\"it-IT\",\"@id\":\"https:\/\/www.vikentios.gr\/it\/#\/schema\/logo\/image\/\",\"url\":\"https:\/\/i0.wp.com\/www.vikentios.gr\/wp-content\/uploads\/vikentios-logo.png?fit=640%2C179&ssl=1\",\"contentUrl\":\"https:\/\/i0.wp.com\/www.vikentios.gr\/wp-content\/uploads\/vikentios-logo.png?fit=640%2C179&ssl=1\",\"width\":640,\"height\":179,\"caption\":\"Vikentios Rooms\"},\"image\":{\"@id\":\"https:\/\/www.vikentios.gr\/it\/#\/schema\/logo\/image\/\"},\"sameAs\":[\"https:\/\/www.facebook.com\/vikentiosrooms\",\"https:\/\/x.com\/vikentiosrooms\",\"https:\/\/www.pinterest.com\/vikentiosrooms\/\"]}]}<\/script>\n<!-- \/ Yoast SEO plugin. -->","yoast_head_json":{"title":"Isola di Citera | Vikentios Rooms | Citera Grecia","description":"Sicuramente qualcuno ha parlato con te di Citera. Lo esplorato, anche attraverso internet e avete deciso di visitarla. Un mondo fa un mondo e Cerigo un altro mondo.","robots":{"index":"index","follow":"follow","max-snippet":"max-snippet:-1","max-image-preview":"max-image-preview:large","max-video-preview":"max-video-preview:-1"},"canonical":"https:\/\/www.vikentios.gr\/it\/kythera\/","og_locale":"it_IT","og_type":"article","og_title":"Isola di Citera | Vikentios Rooms | Citera Grecia","og_description":"Sicuramente qualcuno ha parlato con te di Citera. Lo esplorato, anche attraverso internet e avete deciso di visitarla. Un mondo fa un mondo e Cerigo un altro mondo.","og_url":"https:\/\/www.vikentios.gr\/it\/kythera\/","og_site_name":"Vikentios Rooms","article_publisher":"https:\/\/www.facebook.com\/vikentiosrooms","article_modified_time":"2024-05-21T11:27:31+00:00","og_image":[{"url":"http:\/\/www.vikentios.gr\/wp-content\/uploads\/kythera5-300x230.jpg","type":"","width":"","height":""}],"twitter_card":"summary_large_image","twitter_site":"@vikentiosrooms","twitter_misc":{"Tempo di lettura stimato":"7 minuti"},"schema":{"@context":"https:\/\/schema.org","@graph":[{"@type":"WebPage","@id":"https:\/\/www.vikentios.gr\/it\/kythera\/","url":"https:\/\/www.vikentios.gr\/it\/kythera\/","name":"Isola di Citera | Vikentios Rooms | Citera Grecia","isPartOf":{"@id":"https:\/\/www.vikentios.gr\/it\/#website"},"primaryImageOfPage":{"@id":"https:\/\/www.vikentios.gr\/it\/kythera\/#primaryimage"},"image":{"@id":"https:\/\/www.vikentios.gr\/kythera\/#primaryimage"},"thumbnailUrl":"http:\/\/www.vikentios.gr\/wp-content\/uploads\/kythera5-300x230.jpg","datePublished":"2011-06-08T21:11:04+00:00","dateModified":"2024-05-21T11:27:31+00:00","description":"Sicuramente qualcuno ha parlato con te di Citera. Lo esplorato, anche attraverso internet e avete deciso di visitarla. Un mondo fa un mondo e Cerigo un altro mondo.","breadcrumb":{"@id":"https:\/\/www.vikentios.gr\/it\/kythera\/#breadcrumb"},"inLanguage":"it-IT","potentialAction":[{"@type":"ReadAction","target":[["https:\/\/www.vikentios.gr\/it\/kythera\/"]]}]},{"@type":"ImageObject","inLanguage":"it-IT","@id":"https:\/\/www.vikentios.gr\/it\/kythera\/#primaryimage","url":"http:\/\/www.vikentios.gr\/wp-content\/uploads\/kythera5-300x230.jpg","contentUrl":"http:\/\/www.vikentios.gr\/wp-content\/uploads\/kythera5-300x230.jpg"},{"@type":"BreadcrumbList","@id":"https:\/\/www.vikentios.gr\/it\/kythera\/#breadcrumb","itemListElement":[{"@type":"ListItem","position":1,"name":"Home","item":"https:\/\/www.vikentios.gr\/it\/"},{"@type":"ListItem","position":2,"name":"\u03a4\u03b1 \u039a\u03cd\u03b8\u03b7\u03c1\u03b1"}]},{"@type":"WebSite","@id":"https:\/\/www.vikentios.gr\/it\/#website","url":"https:\/\/www.vikentios.gr\/it\/","name":"Vikentios Rooms","description":"Accommodation, hotels, rooms apartments in Kythera","publisher":{"@id":"https:\/\/www.vikentios.gr\/it\/#organization"},"potentialAction":[{"@type":"SearchAction","target":{"@type":"EntryPoint","urlTemplate":"https:\/\/www.vikentios.gr\/it\/?s={search_term_string}"},"query-input":{"@type":"PropertyValueSpecification","valueRequired":true,"valueName":"search_term_string"}}],"inLanguage":"it-IT"},{"@type":"Organization","@id":"https:\/\/www.vikentios.gr\/it\/#organization","name":"Vikentios Rooms","url":"https:\/\/www.vikentios.gr\/it\/","logo":{"@type":"ImageObject","inLanguage":"it-IT","@id":"https:\/\/www.vikentios.gr\/it\/#\/schema\/logo\/image\/","url":"https:\/\/i0.wp.com\/www.vikentios.gr\/wp-content\/uploads\/vikentios-logo.png?fit=640%2C179&ssl=1","contentUrl":"https:\/\/i0.wp.com\/www.vikentios.gr\/wp-content\/uploads\/vikentios-logo.png?fit=640%2C179&ssl=1","width":640,"height":179,"caption":"Vikentios Rooms"},"image":{"@id":"https:\/\/www.vikentios.gr\/it\/#\/schema\/logo\/image\/"},"sameAs":["https:\/\/www.facebook.com\/vikentiosrooms","https:\/\/x.com\/vikentiosrooms","https:\/\/www.pinterest.com\/vikentiosrooms\/"]}]}},"_links":{"self":[{"href":"https:\/\/www.vikentios.gr\/it\/wp-json\/wp\/v2\/pages\/9","targetHints":{"allow":["GET"]}}],"collection":[{"href":"https:\/\/www.vikentios.gr\/it\/wp-json\/wp\/v2\/pages"}],"about":[{"href":"https:\/\/www.vikentios.gr\/it\/wp-json\/wp\/v2\/types\/page"}],"author":[{"embeddable":true,"href":"https:\/\/www.vikentios.gr\/it\/wp-json\/wp\/v2\/users\/2"}],"replies":[{"embeddable":true,"href":"https:\/\/www.vikentios.gr\/it\/wp-json\/wp\/v2\/comments?post=9"}],"version-history":[{"count":24,"href":"https:\/\/www.vikentios.gr\/it\/wp-json\/wp\/v2\/pages\/9\/revisions"}],"predecessor-version":[{"id":1099,"href":"https:\/\/www.vikentios.gr\/it\/wp-json\/wp\/v2\/pages\/9\/revisions\/1099"}],"wp:attachment":[{"href":"https:\/\/www.vikentios.gr\/it\/wp-json\/wp\/v2\/media?parent=9"}],"curies":[{"name":"wp","href":"https:\/\/api.w.org\/{rel}","templated":true}]}}