{"id":37,"date":"2011-06-20T01:39:50","date_gmt":"2011-06-19T23:39:50","guid":{"rendered":"http:\/\/www.vikentios.gr\/?page_id=37"},"modified":"2023-06-24T13:47:58","modified_gmt":"2023-06-24T11:47:58","slug":"beaches","status":"publish","type":"page","link":"https:\/\/www.vikentios.gr\/it\/beaches\/","title":{"rendered":"Spiagge"},"content":{"rendered":"<p><iframe src=\"https:\/\/www.google.com\/maps\/d\/embed?mid=1iGKA6_1RZJ1tWNaWZ0U2nhvDLqp0h_HJ\" width=\"640\" height=\"480\"><\/iframe><\/p>\n<h2>Komponada<\/h2>\n<p>Inchinatevi davanti alla bellezza selvatica della spiaggia di Camponada. Si trova alla costa orientale, solo sei chilometri da Vikentios Rooms ed \u00e9 facilmente accessibile grazie alla strada asfaltata. \u00c9 una spiaggia abbastanza grande ed \u00e9 considerata una delle pi\u00fa tranquille dell\u2019 isola. Sulla spiaggia si pu\u00f3 trovare ombrelloni e bar.<\/p>\n<p>Accesso: strada asfaltata<\/p>\n<p>Spiaggia: grande, con ciottoli<\/p>\n<p>Servizi: ombrelloni e sdrai, bar.<\/p>\n<p><a href=\"https:\/\/www.vikentios.gr\/wp-content\/uploads\/komponada-1.33.jpg\" rel=\"fancybox[37]\"><img decoding=\"async\" class=\"alignnone wp-image-644 lazyload\" title=\"\u03ba\u03bf\u03bc\u03c0\u03bf\u03bd\u03ac\u03b4\u03b1\" data-src=\"https:\/\/www.vikentios.gr\/wp-content\/uploads\/komponada-1.33.jpg\" alt=\"kythira, kythera, greece, greek beach, \u03ba\u03cd\u03b8\u03b7\u03c1\u03b1, greek islands\" width=\"299\" height=\"225\" data-srcset=\"https:\/\/www.vikentios.gr\/wp-content\/uploads\/komponada-1.33.jpg 778w, https:\/\/www.vikentios.gr\/wp-content\/uploads\/komponada-1.33-300x226.jpg 300w, https:\/\/www.vikentios.gr\/wp-content\/uploads\/komponada-1.33-768x577.jpg 768w\" data-sizes=\"(max-width: 299px) 100vw, 299px\" src=\"data:image\/svg+xml;base64,PHN2ZyB3aWR0aD0iMSIgaGVpZ2h0PSIxIiB4bWxucz0iaHR0cDovL3d3dy53My5vcmcvMjAwMC9zdmciPjwvc3ZnPg==\" style=\"--smush-placeholder-width: 299px; --smush-placeholder-aspect-ratio: 299\/225;\" \/><\/a><\/p>\n<h2><\/h2>\n<h2>Firi Ammos<\/h2>\n<p>La spiaggia \u00e9 chiamata cos\u00ec grazie ai suoi ciottoli rossi e sottili. La troverete alla costa orientale, dopo il villaggio Calamos. \u00c9 abbastanza grande ed \u00e9 considerata una delle pi\u00fa belle dell\u2019 isola. Sulla spiaggia si pu\u00f3 trovare ombrelloni e bar.<\/p>\n<p>Accesso: strada asfaltata<\/p>\n<p>Spiaggia: grande con ciottoli sottili<\/p>\n<p>Servizi: ombrelloni e sdrai, bar.<\/p>\n<p><a href=\"https:\/\/www.vikentios.gr\/wp-content\/uploads\/kythira_beaches8.jpg\" rel=\"fancybox[37]\"><img decoding=\"async\" title=\"\u03a6\u03c5\u03c1\u03ae \u0386\u03bc\u03bc\u03bf\u03c2\" data-src=\"https:\/\/www.vikentios.gr\/wp-content\/uploads\/kythira_beaches8-300x225.jpg\" alt=\"kythira, kythera, greece, greek beach, \u03ba\u03cd\u03b8\u03b7\u03c1\u03b1, greek islands\" width=\"300\" height=\"225\" src=\"data:image\/svg+xml;base64,PHN2ZyB3aWR0aD0iMSIgaGVpZ2h0PSIxIiB4bWxucz0iaHR0cDovL3d3dy53My5vcmcvMjAwMC9zdmciPjwvc3ZnPg==\" class=\"lazyload\" style=\"--smush-placeholder-width: 300px; --smush-placeholder-aspect-ratio: 300\/225;\" \/><\/a><\/p>\n<h2><\/h2>\n<h2>Halkos<\/h2>\n<p>Una baia piccola ma meravigliosa con una spiaggia nel colore di rame. Puro caso che la spiaggia si chiama cos\u00ec? Chalcos significa rame in greco. \u00c9 una spiaggia molto trafficata al Sud di Citera, molto bella con acqua trasparente ed un fondo maestoso. Sulla spiaggia si pu\u00f3 trovare ombrelloni e bar.<\/p>\n<p>Accesso: strada asfaltata<\/p>\n<p>Spiaggia: piccola, con ciottoli<\/p>\n<p>Servizi: ombrelloni e sdrai, bar.<\/p>\n<p><a href=\"https:\/\/www.vikentios.gr\/wp-content\/uploads\/kythira_beaches2.jpg\" rel=\"fancybox[37]\"><img decoding=\"async\" title=\"Chalkos Kythera\" data-src=\"https:\/\/www.vikentios.gr\/wp-content\/uploads\/kythira_beaches2-300x224.jpg\" alt=\"kythira, kythera, greece, greek beach, \u03ba\u03cd\u03b8\u03b7\u03c1\u03b1, greek islands\" width=\"300\" height=\"224\" src=\"data:image\/svg+xml;base64,PHN2ZyB3aWR0aD0iMSIgaGVpZ2h0PSIxIiB4bWxucz0iaHR0cDovL3d3dy53My5vcmcvMjAwMC9zdmciPjwvc3ZnPg==\" class=\"lazyload\" style=\"--smush-placeholder-width: 300px; --smush-placeholder-aspect-ratio: 300\/224;\" \/><\/a><\/p>\n<h2><\/h2>\n<h2>Kaladi<\/h2>\n<p>\u00c9 sicuramente una delle cinque spiaggie migliori di Citera. \u00c9 come la natura abbia fatto una scultura bellissima. Tutti i viaggiatori vengono senz\u2019 altro qu\u00ed per nuotare. La spiaggia non \u00e9 organizzata e si deve scendere una scalinata per arrivarci. Si trova vicino a Palaiopoli.<\/p>\n<p>Accesso: strada asfaltata e scalinata<\/p>\n<p>Spiaggia: non molto grande, con ciottoli<\/p>\n<p>Servizi: un bar remoto.<\/p>\n<p><a href=\"https:\/\/www.vikentios.gr\/wp-content\/uploads\/kythira_beaches9.jpg\" rel=\"fancybox[37]\"><img decoding=\"async\" title=\"Kaladi Kythira\" data-src=\"https:\/\/www.vikentios.gr\/wp-content\/uploads\/kythira_beaches9-300x225.jpg\" alt=\"kythira, kythera, greece, greek beach, \u03ba\u03cd\u03b8\u03b7\u03c1\u03b1, greek islands\" width=\"300\" height=\"225\" src=\"data:image\/svg+xml;base64,PHN2ZyB3aWR0aD0iMSIgaGVpZ2h0PSIxIiB4bWxucz0iaHR0cDovL3d3dy53My5vcmcvMjAwMC9zdmciPjwvc3ZnPg==\" class=\"lazyload\" style=\"--smush-placeholder-width: 300px; --smush-placeholder-aspect-ratio: 300\/225;\" \/><\/a><\/p>\n<h2><\/h2>\n<h2>Diakofti<\/h2>\n<p>La spiaggia di Diacofti, al porto dell\u2019 isola, \u00e9 ideale per famiglie e bambini. Sembra come se fosse una parte del mare Caraibico. Con acqua bassa e sabbia bianca, \u00e9 considerata da molti una piccola wonderland. Troverete molti bar e molte taverne accanto alle onde per mangiare o godere una bevanda.<\/p>\n<p>Accesso: strada asfaltata<\/p>\n<p>Spiaggia: grande, con sabbia<\/p>\n<p>Servizi: bar e taverne.<\/p>\n<p><a href=\"https:\/\/www.vikentios.gr\/wp-content\/uploads\/diakofti-2.jpg\" rel=\"fancybox[37]\"><img decoding=\"async\" class=\"alignnone wp-image-619 lazyload\" title=\"Diakofti beach\" data-src=\"https:\/\/www.vikentios.gr\/wp-content\/uploads\/diakofti-2.jpg\" alt=\"kythira, kythera, greece, greek beach, \u03ba\u03cd\u03b8\u03b7\u03c1\u03b1, greek islands\" width=\"300\" height=\"225\" data-srcset=\"https:\/\/www.vikentios.gr\/wp-content\/uploads\/diakofti-2.jpg 640w, https:\/\/www.vikentios.gr\/wp-content\/uploads\/diakofti-2-300x225.jpg 300w\" data-sizes=\"(max-width: 300px) 100vw, 300px\" src=\"data:image\/svg+xml;base64,PHN2ZyB3aWR0aD0iMSIgaGVpZ2h0PSIxIiB4bWxucz0iaHR0cDovL3d3dy53My5vcmcvMjAwMC9zdmciPjwvc3ZnPg==\" style=\"--smush-placeholder-width: 300px; --smush-placeholder-aspect-ratio: 300\/225;\" \/><\/a><\/p>\n<h2><\/h2>\n<h2>Melidoni<\/h2>\n<p>Si trova verso sud-ovest dell\u2019 isola e la troverete dopo il paese Livadi, seguendo la strada di Drimonas. Si tratta di una spiaggia organizzata e trafficata, con lettini e bar. Ha ciottoli sottili e un fondo impessionante che potete esplorare.<\/p>\n<p>Accesso: strada asfaltata<\/p>\n<p>Spiaggia: piccola, con ciottoli e sabbia<\/p>\n<p>Servizi: ombrelloni e sdrai, bar.<\/p>\n<p><a href=\"https:\/\/www.vikentios.gr\/wp-content\/uploads\/kythira_beaches7.jpg\" rel=\"fancybox[37]\"><img decoding=\"async\" title=\"Melidoni Kythira\" data-src=\"https:\/\/www.vikentios.gr\/wp-content\/uploads\/kythira_beaches7-300x225.jpg\" alt=\"kythira, kythera, greece, greek beach, \u03ba\u03cd\u03b8\u03b7\u03c1\u03b1, greek islands\" width=\"300\" height=\"225\" src=\"data:image\/svg+xml;base64,PHN2ZyB3aWR0aD0iMSIgaGVpZ2h0PSIxIiB4bWxucz0iaHR0cDovL3d3dy53My5vcmcvMjAwMC9zdmciPjwvc3ZnPg==\" class=\"lazyload\" style=\"--smush-placeholder-width: 300px; --smush-placeholder-aspect-ratio: 300\/225;\" \/><\/a><\/p>\n<h2><\/h2>\n<h2>Kapsali<\/h2>\n<p>\u00c9 una spiaggia organizzata con moltissimi servizi e comodit\u00e0, accanto alla capitale di Citera. Offre ombrelloni e lettini, molti ristoranti e bar. \u00c9 il punto pi\u00fa trafficato dell\u2019 isola con vita notturna.<\/p>\n<p>Accesso: strada asfaltata<\/p>\n<p>Spiaggia: grande, con ciottoli e sabbia<\/p>\n<p>Servizi: ombrelloni e lettini, ristoranti e bar.<\/p>\n<p><a href=\"https:\/\/www.vikentios.gr\/wp-content\/uploads\/\u03ba\u03b1\u03c8\u03b1\u03bb\u03b9.jpg\" rel=\"fancybox[37]\"><img decoding=\"async\" class=\"alignnone wp-image-599 lazyload\" title=\"Kapsali beach\" data-src=\"https:\/\/www.vikentios.gr\/wp-content\/uploads\/\u03ba\u03b1\u03c8\u03b1\u03bb\u03b9.jpg\" alt=\"kythira, kythera, greece, greek beach, \u03ba\u03cd\u03b8\u03b7\u03c1\u03b1, greek islands\" width=\"300\" height=\"224\" data-srcset=\"https:\/\/www.vikentios.gr\/wp-content\/uploads\/\u03ba\u03b1\u03c8\u03b1\u03bb\u03b9.jpg 718w, https:\/\/www.vikentios.gr\/wp-content\/uploads\/\u03ba\u03b1\u03c8\u03b1\u03bb\u03b9-300x224.jpg 300w\" data-sizes=\"(max-width: 300px) 100vw, 300px\" src=\"data:image\/svg+xml;base64,PHN2ZyB3aWR0aD0iMSIgaGVpZ2h0PSIxIiB4bWxucz0iaHR0cDovL3d3dy53My5vcmcvMjAwMC9zdmciPjwvc3ZnPg==\" style=\"--smush-placeholder-width: 300px; --smush-placeholder-aspect-ratio: 300\/224;\" \/><\/a><\/p>\n<h2><\/h2>\n<h2>Paleopoli<\/h2>\n<p>\u00c9 la spiaggia maggiore dell\u2019 isola e si trova accanto al paese Avlemonas. La spiaggia ha sabbia e sassolini sottili ed \u00e9 tanto grande che non si deve cercare dove sdraiarsi. Offre anche ombrelloni.<\/p>\n<p>Accesso: strada asfaltata<\/p>\n<p>Spiaggia: grande, con ciottoli e sabbia<\/p>\n<p>Servizi: ombrelloni.<\/p>\n<p><a href=\"https:\/\/www.vikentios.gr\/wp-content\/uploads\/kythira_beaches6.jpg\" rel=\"fancybox[37]\"><img decoding=\"async\" title=\"Paleopoli Kythira\" data-src=\"https:\/\/www.vikentios.gr\/wp-content\/uploads\/kythira_beaches6-300x225.jpg\" alt=\"kythira, kythera, greece, greek beach, \u03ba\u03cd\u03b8\u03b7\u03c1\u03b1, greek islands\" width=\"300\" height=\"225\" src=\"data:image\/svg+xml;base64,PHN2ZyB3aWR0aD0iMSIgaGVpZ2h0PSIxIiB4bWxucz0iaHR0cDovL3d3dy53My5vcmcvMjAwMC9zdmciPjwvc3ZnPg==\" class=\"lazyload\" style=\"--smush-placeholder-width: 300px; --smush-placeholder-aspect-ratio: 300\/225;\" \/><\/a><\/p>\n<h2><\/h2>\n<h2>Fourni<\/h2>\n<p>La spiaggia si trova sulla strada per Platia Ammo, dopo Caravas. \u00c9 una spiaggia piccola con sassolini ed \u00e9 considerata relativamente tranquilla. A Luglio ed ad Agosto si pu\u00f3 raccogliere salvia dai fianchi della spiaggia.<\/p>\n<p>Accesso: strada sterrata<\/p>\n<p>Spiaggia: piccola, con ciottoli e sabbia<\/p>\n<p>Servizi: ombrelloni e sdrai, bar.<\/p>\n<p><a href=\"https:\/\/www.vikentios.gr\/wp-content\/uploads\/kythira_beaches4.jpg\" rel=\"fancybox[37]\"><img decoding=\"async\" title=\"Fournoi Kythira\" data-src=\"https:\/\/www.vikentios.gr\/wp-content\/uploads\/kythira_beaches4-300x225.jpg\" alt=\"kythira, kythera, greece, greek beach, \u03ba\u03cd\u03b8\u03b7\u03c1\u03b1, greek islands\" width=\"300\" height=\"225\" src=\"data:image\/svg+xml;base64,PHN2ZyB3aWR0aD0iMSIgaGVpZ2h0PSIxIiB4bWxucz0iaHR0cDovL3d3dy53My5vcmcvMjAwMC9zdmciPjwvc3ZnPg==\" class=\"lazyload\" style=\"--smush-placeholder-width: 300px; --smush-placeholder-aspect-ratio: 300\/225;\" \/><\/a><\/p>\n<h2><\/h2>\n<h2>Kalami<\/h2>\n<p>Si trova sulla costa occidentale di Citera, vicino al paese Milopotamos. \u00c9 una spiaggia piccolissima per\u00f3 meravigliosa grazie all\u2019 acqua turchese ed un paesaggio roccioso incantevole. Si pu\u00f3 arrivarci seguendo un sentiero e scendendo con l\u2019 aiuto di una corda, per\u00f3 lo sforzo vale veramente la pena.<\/p>\n<p>Accesso: strada sterrata, sentiero dissestato<\/p>\n<p>Spiaggia: piccola, con ciottoli e sabbia<\/p>\n<p>Servizi: nessuno.<\/p>\n<p><a href=\"https:\/\/www.vikentios.gr\/wp-content\/uploads\/\u03ba\u03b1\u03bb\u03b1\u03bc\u03b9.jpg\" rel=\"fancybox[37]\"><img decoding=\"async\" class=\"alignnone wp-image-593 lazyload\" title=\"Kalami beach\" data-src=\"https:\/\/www.vikentios.gr\/wp-content\/uploads\/\u03ba\u03b1\u03bb\u03b1\u03bc\u03b9.jpg\" alt=\"kythira, kythera, greece, greek beach, \u03ba\u03cd\u03b8\u03b7\u03c1\u03b1, greek islands\" width=\"300\" height=\"225\" data-srcset=\"https:\/\/www.vikentios.gr\/wp-content\/uploads\/\u03ba\u03b1\u03bb\u03b1\u03bc\u03b9.jpg 640w, https:\/\/www.vikentios.gr\/wp-content\/uploads\/\u03ba\u03b1\u03bb\u03b1\u03bc\u03b9-300x225.jpg 300w\" data-sizes=\"(max-width: 300px) 100vw, 300px\" src=\"data:image\/svg+xml;base64,PHN2ZyB3aWR0aD0iMSIgaGVpZ2h0PSIxIiB4bWxucz0iaHR0cDovL3d3dy53My5vcmcvMjAwMC9zdmciPjwvc3ZnPg==\" style=\"--smush-placeholder-width: 300px; --smush-placeholder-aspect-ratio: 300\/225;\" \/><\/a><\/p>\n<h2><\/h2>\n<h2>Prasini Limni (Green Lake)<\/h2>\n<p>Non \u00e9 esattamente una spiaggia ma piuttosto una piscina naturale con acqua marina. Per arrivarci si deve camminare un chilometro di un sentiero segnalato, partendo dalla spiaggia di Limnionas. Il paesaggio maestoso e la vista al Mar Ionio fanno la visita veramente necessaria.<\/p>\n<p>Accesso: strada sterrata, sentiero dissestato<\/p>\n<p>Spiaggia: rocce<\/p>\n<p>Servizi: nessuno.<\/p>\n<p><a href=\"https:\/\/www.vikentios.gr\/wp-content\/uploads\/\u03c0\u03b9\u03c3\u03b9\u03bd\u03b1-1.jpg\" rel=\"fancybox[37]\"><img decoding=\"async\" class=\"alignnone wp-image-597 lazyload\" title=\"Prasini Limni\" data-src=\"https:\/\/www.vikentios.gr\/wp-content\/uploads\/\u03c0\u03b9\u03c3\u03b9\u03bd\u03b1-1.jpg\" alt=\"kythira, kythera, greece, greek beach, \u03ba\u03cd\u03b8\u03b7\u03c1\u03b1, greek islands\" width=\"304\" height=\"228\" data-srcset=\"https:\/\/www.vikentios.gr\/wp-content\/uploads\/\u03c0\u03b9\u03c3\u03b9\u03bd\u03b1-1.jpg 640w, https:\/\/www.vikentios.gr\/wp-content\/uploads\/\u03c0\u03b9\u03c3\u03b9\u03bd\u03b1-1-300x225.jpg 300w\" data-sizes=\"(max-width: 304px) 100vw, 304px\" src=\"data:image\/svg+xml;base64,PHN2ZyB3aWR0aD0iMSIgaGVpZ2h0PSIxIiB4bWxucz0iaHR0cDovL3d3dy53My5vcmcvMjAwMC9zdmciPjwvc3ZnPg==\" style=\"--smush-placeholder-width: 304px; --smush-placeholder-aspect-ratio: 304\/228;\" \/><\/a><\/p>","protected":false},"excerpt":{"rendered":"<p>Komponada Inchinatevi davanti alla bellezza selvatica della spiaggia di Camponada. Si trova alla costa orientale, solo sei chilometri da Vikentios Rooms ed \u00e9 facilmente accessibile grazie alla strada asfaltata. \u00c9 una spiaggia abbastanza grande ed \u00e9 considerata una delle pi\u00fa tranquille dell\u2019 isola. Sulla spiaggia si pu\u00f3 trovare ombrelloni e[&#8230;]<\/p>\n","protected":false},"author":2,"featured_media":0,"parent":0,"menu_order":35,"comment_status":"open","ping_status":"closed","template":"","meta":{"footnotes":""},"class_list":["post-37","page","type-page","status-publish","hentry"],"yoast_head":"<!-- This site is optimized with the Yoast SEO plugin v25.3.1 - https:\/\/yoast.com\/wordpress\/plugins\/seo\/ -->\n<title>Spiagge di Citera | Vikentios Rooms | Citera Grecia<\/title>\n<meta name=\"description\" content=\"Le spiagge di Citera sono premiate, ma non sono le sole a testimoniare e sottolineare la natura unica e genuina di Citera\" \/>\n<meta name=\"robots\" content=\"index, follow, max-snippet:-1, max-image-preview:large, max-video-preview:-1\" \/>\n<link rel=\"canonical\" href=\"https:\/\/www.vikentios.gr\/it\/beaches\/\" \/>\n<meta property=\"og:locale\" content=\"it_IT\" \/>\n<meta property=\"og:type\" content=\"article\" \/>\n<meta property=\"og:title\" content=\"Spiagge di Citera | Vikentios Rooms | Citera Grecia\" \/>\n<meta property=\"og:description\" content=\"Le spiagge di Citera sono premiate, ma non sono le sole a testimoniare e sottolineare la natura unica e genuina di Citera\" \/>\n<meta property=\"og:url\" content=\"https:\/\/www.vikentios.gr\/it\/beaches\/\" \/>\n<meta property=\"og:site_name\" content=\"Vikentios Rooms\" \/>\n<meta property=\"article:publisher\" content=\"https:\/\/www.facebook.com\/vikentiosrooms\" \/>\n<meta property=\"article:modified_time\" content=\"2023-06-24T11:47:58+00:00\" \/>\n<meta property=\"og:image\" content=\"https:\/\/www.vikentios.gr\/wp-content\/uploads\/komponada-1.33.jpg\" \/>\n<meta name=\"twitter:card\" content=\"summary_large_image\" \/>\n<meta name=\"twitter:site\" content=\"@vikentiosrooms\" \/>\n<meta name=\"twitter:label1\" content=\"Tempo di lettura stimato\" \/>\n\t<meta name=\"twitter:data1\" content=\"6 minuti\" \/>\n<script type=\"application\/ld+json\" class=\"yoast-schema-graph\">{\"@context\":\"https:\/\/schema.org\",\"@graph\":[{\"@type\":\"WebPage\",\"@id\":\"https:\/\/www.vikentios.gr\/it\/beaches\/\",\"url\":\"https:\/\/www.vikentios.gr\/it\/beaches\/\",\"name\":\"Spiagge di Citera | Vikentios Rooms | Citera Grecia\",\"isPartOf\":{\"@id\":\"https:\/\/www.vikentios.gr\/it\/#website\"},\"primaryImageOfPage\":{\"@id\":\"https:\/\/www.vikentios.gr\/it\/beaches\/#primaryimage\"},\"image\":{\"@id\":\"https:\/\/www.vikentios.gr\/beaches\/#primaryimage\"},\"thumbnailUrl\":\"https:\/\/www.vikentios.gr\/wp-content\/uploads\/komponada-1.33.jpg\",\"datePublished\":\"2011-06-19T23:39:50+00:00\",\"dateModified\":\"2023-06-24T11:47:58+00:00\",\"description\":\"Le spiagge di Citera sono premiate, ma non sono le sole a testimoniare e sottolineare la natura unica e genuina di Citera\",\"breadcrumb\":{\"@id\":\"https:\/\/www.vikentios.gr\/it\/beaches\/#breadcrumb\"},\"inLanguage\":\"it-IT\",\"potentialAction\":[{\"@type\":\"ReadAction\",\"target\":[[\"https:\/\/www.vikentios.gr\/it\/beaches\/\"]]}]},{\"@type\":\"ImageObject\",\"inLanguage\":\"it-IT\",\"@id\":\"https:\/\/www.vikentios.gr\/it\/beaches\/#primaryimage\",\"url\":\"https:\/\/www.vikentios.gr\/wp-content\/uploads\/komponada-1.33.jpg\",\"contentUrl\":\"https:\/\/www.vikentios.gr\/wp-content\/uploads\/komponada-1.33.jpg\"},{\"@type\":\"BreadcrumbList\",\"@id\":\"https:\/\/www.vikentios.gr\/it\/beaches\/#breadcrumb\",\"itemListElement\":[{\"@type\":\"ListItem\",\"position\":1,\"name\":\"Home\",\"item\":\"https:\/\/www.vikentios.gr\/it\/\"},{\"@type\":\"ListItem\",\"position\":2,\"name\":\"\u03a0\u03b1\u03c1\u03b1\u03bb\u03af\u03b5\u03c2\"}]},{\"@type\":\"WebSite\",\"@id\":\"https:\/\/www.vikentios.gr\/it\/#website\",\"url\":\"https:\/\/www.vikentios.gr\/it\/\",\"name\":\"Vikentios Rooms\",\"description\":\"Accommodation, hotels, rooms apartments in Kythera\",\"publisher\":{\"@id\":\"https:\/\/www.vikentios.gr\/it\/#organization\"},\"potentialAction\":[{\"@type\":\"SearchAction\",\"target\":{\"@type\":\"EntryPoint\",\"urlTemplate\":\"https:\/\/www.vikentios.gr\/it\/?s={search_term_string}\"},\"query-input\":{\"@type\":\"PropertyValueSpecification\",\"valueRequired\":true,\"valueName\":\"search_term_string\"}}],\"inLanguage\":\"it-IT\"},{\"@type\":\"Organization\",\"@id\":\"https:\/\/www.vikentios.gr\/it\/#organization\",\"name\":\"Vikentios Rooms\",\"url\":\"https:\/\/www.vikentios.gr\/it\/\",\"logo\":{\"@type\":\"ImageObject\",\"inLanguage\":\"it-IT\",\"@id\":\"https:\/\/www.vikentios.gr\/it\/#\/schema\/logo\/image\/\",\"url\":\"https:\/\/i0.wp.com\/www.vikentios.gr\/wp-content\/uploads\/vikentios-logo.png?fit=640%2C179&ssl=1\",\"contentUrl\":\"https:\/\/i0.wp.com\/www.vikentios.gr\/wp-content\/uploads\/vikentios-logo.png?fit=640%2C179&ssl=1\",\"width\":640,\"height\":179,\"caption\":\"Vikentios Rooms\"},\"image\":{\"@id\":\"https:\/\/www.vikentios.gr\/it\/#\/schema\/logo\/image\/\"},\"sameAs\":[\"https:\/\/www.facebook.com\/vikentiosrooms\",\"https:\/\/x.com\/vikentiosrooms\",\"https:\/\/www.pinterest.com\/vikentiosrooms\/\"]}]}<\/script>\n<!-- \/ Yoast SEO plugin. -->","yoast_head_json":{"title":"Spiagge di Citera | Vikentios Rooms | Citera Grecia","description":"Le spiagge di Citera sono premiate, ma non sono le sole a testimoniare e sottolineare la natura unica e genuina di Citera","robots":{"index":"index","follow":"follow","max-snippet":"max-snippet:-1","max-image-preview":"max-image-preview:large","max-video-preview":"max-video-preview:-1"},"canonical":"https:\/\/www.vikentios.gr\/it\/beaches\/","og_locale":"it_IT","og_type":"article","og_title":"Spiagge di Citera | Vikentios Rooms | Citera Grecia","og_description":"Le spiagge di Citera sono premiate, ma non sono le sole a testimoniare e sottolineare la natura unica e genuina di Citera","og_url":"https:\/\/www.vikentios.gr\/it\/beaches\/","og_site_name":"Vikentios Rooms","article_publisher":"https:\/\/www.facebook.com\/vikentiosrooms","article_modified_time":"2023-06-24T11:47:58+00:00","og_image":[{"url":"https:\/\/www.vikentios.gr\/wp-content\/uploads\/komponada-1.33.jpg","type":"","width":"","height":""}],"twitter_card":"summary_large_image","twitter_site":"@vikentiosrooms","twitter_misc":{"Tempo di lettura stimato":"6 minuti"},"schema":{"@context":"https:\/\/schema.org","@graph":[{"@type":"WebPage","@id":"https:\/\/www.vikentios.gr\/it\/beaches\/","url":"https:\/\/www.vikentios.gr\/it\/beaches\/","name":"Spiagge di Citera | Vikentios Rooms | Citera Grecia","isPartOf":{"@id":"https:\/\/www.vikentios.gr\/it\/#website"},"primaryImageOfPage":{"@id":"https:\/\/www.vikentios.gr\/it\/beaches\/#primaryimage"},"image":{"@id":"https:\/\/www.vikentios.gr\/beaches\/#primaryimage"},"thumbnailUrl":"https:\/\/www.vikentios.gr\/wp-content\/uploads\/komponada-1.33.jpg","datePublished":"2011-06-19T23:39:50+00:00","dateModified":"2023-06-24T11:47:58+00:00","description":"Le spiagge di Citera sono premiate, ma non sono le sole a testimoniare e sottolineare la natura unica e genuina di Citera","breadcrumb":{"@id":"https:\/\/www.vikentios.gr\/it\/beaches\/#breadcrumb"},"inLanguage":"it-IT","potentialAction":[{"@type":"ReadAction","target":[["https:\/\/www.vikentios.gr\/it\/beaches\/"]]}]},{"@type":"ImageObject","inLanguage":"it-IT","@id":"https:\/\/www.vikentios.gr\/it\/beaches\/#primaryimage","url":"https:\/\/www.vikentios.gr\/wp-content\/uploads\/komponada-1.33.jpg","contentUrl":"https:\/\/www.vikentios.gr\/wp-content\/uploads\/komponada-1.33.jpg"},{"@type":"BreadcrumbList","@id":"https:\/\/www.vikentios.gr\/it\/beaches\/#breadcrumb","itemListElement":[{"@type":"ListItem","position":1,"name":"Home","item":"https:\/\/www.vikentios.gr\/it\/"},{"@type":"ListItem","position":2,"name":"\u03a0\u03b1\u03c1\u03b1\u03bb\u03af\u03b5\u03c2"}]},{"@type":"WebSite","@id":"https:\/\/www.vikentios.gr\/it\/#website","url":"https:\/\/www.vikentios.gr\/it\/","name":"Vikentios Rooms","description":"Accommodation, hotels, rooms apartments in Kythera","publisher":{"@id":"https:\/\/www.vikentios.gr\/it\/#organization"},"potentialAction":[{"@type":"SearchAction","target":{"@type":"EntryPoint","urlTemplate":"https:\/\/www.vikentios.gr\/it\/?s={search_term_string}"},"query-input":{"@type":"PropertyValueSpecification","valueRequired":true,"valueName":"search_term_string"}}],"inLanguage":"it-IT"},{"@type":"Organization","@id":"https:\/\/www.vikentios.gr\/it\/#organization","name":"Vikentios Rooms","url":"https:\/\/www.vikentios.gr\/it\/","logo":{"@type":"ImageObject","inLanguage":"it-IT","@id":"https:\/\/www.vikentios.gr\/it\/#\/schema\/logo\/image\/","url":"https:\/\/i0.wp.com\/www.vikentios.gr\/wp-content\/uploads\/vikentios-logo.png?fit=640%2C179&ssl=1","contentUrl":"https:\/\/i0.wp.com\/www.vikentios.gr\/wp-content\/uploads\/vikentios-logo.png?fit=640%2C179&ssl=1","width":640,"height":179,"caption":"Vikentios Rooms"},"image":{"@id":"https:\/\/www.vikentios.gr\/it\/#\/schema\/logo\/image\/"},"sameAs":["https:\/\/www.facebook.com\/vikentiosrooms","https:\/\/x.com\/vikentiosrooms","https:\/\/www.pinterest.com\/vikentiosrooms\/"]}]}},"_links":{"self":[{"href":"https:\/\/www.vikentios.gr\/it\/wp-json\/wp\/v2\/pages\/37","targetHints":{"allow":["GET"]}}],"collection":[{"href":"https:\/\/www.vikentios.gr\/it\/wp-json\/wp\/v2\/pages"}],"about":[{"href":"https:\/\/www.vikentios.gr\/it\/wp-json\/wp\/v2\/types\/page"}],"author":[{"embeddable":true,"href":"https:\/\/www.vikentios.gr\/it\/wp-json\/wp\/v2\/users\/2"}],"replies":[{"embeddable":true,"href":"https:\/\/www.vikentios.gr\/it\/wp-json\/wp\/v2\/comments?post=37"}],"version-history":[{"count":57,"href":"https:\/\/www.vikentios.gr\/it\/wp-json\/wp\/v2\/pages\/37\/revisions"}],"predecessor-version":[{"id":1078,"href":"https:\/\/www.vikentios.gr\/it\/wp-json\/wp\/v2\/pages\/37\/revisions\/1078"}],"wp:attachment":[{"href":"https:\/\/www.vikentios.gr\/it\/wp-json\/wp\/v2\/media?parent=37"}],"curies":[{"name":"wp","href":"https:\/\/api.w.org\/{rel}","templated":true}]}}